{"id":7884,"date":"2024-06-24T13:25:44","date_gmt":"2024-06-24T10:25:44","guid":{"rendered":"https:\/\/pixamoagency.com\/?page_id=7884"},"modified":"2025-08-14T23:39:06","modified_gmt":"2025-08-14T20:39:06","slug":"contact","status":"publish","type":"page","link":"https:\/\/pixamoagency.com\/de\/contact\/","title":{"rendered":"Kontakt"},"content":{"rendered":"\t\t<div data-elementor-type=\"wp-page\" data-elementor-id=\"7884\" class=\"elementor elementor-7884\" data-elementor-post-type=\"page\">\n\t\t\t\t<div class=\"elementor-element elementor-element-41d1a11 e-con-full e-flex e-con e-parent\" data-id=\"41d1a11\" data-element_type=\"container\" data-e-type=\"container\" data-settings=\"{&quot;background_background&quot;:&quot;classic&quot;}\">\n\t\t\t\t<div class=\"elementor-element elementor-element-7a76e96 elementor-widget elementor-widget-slider_revolution\" data-id=\"7a76e96\" data-element_type=\"widget\" data-e-type=\"widget\" data-widget_type=\"slider_revolution.default\">\n\t\t\t\t<div class=\"elementor-widget-container\">\n\t\t\t\t\t\n\t\t<div class=\"wp-block-themepunch-revslider\">\n\t\t\t\t<p class=\"rs-p-wp-fix\"><\/p>\n\t\t\t\t<sr7-module data-alias=\"internal-pages\" data-id=\"33\" id=\"SR7_33_1\" class=\"rs-ov-hidden\" data-version=\"6.7.51\">\n\t\t\t\t\t<sr7-adjuster><\/sr7-adjuster>\n\t\t\t\t\t<sr7-content>\n\t\t\t\t\t\t<sr7-slide id=\"SR7_33_1-62\" data-key=\"62\">\n\t\t\t\t\t\t<\/sr7-slide>\n\t\t\t\t\t\t<sr7-slide id=\"SR7_33_1-63\" data-key=\"63\">\n\t\t\t\t\t\t<\/sr7-slide>\n\t\t\t\t\t<\/sr7-content>\n\t\t\t\t<\/sr7-module>\n\t\t\t\t<script>\n\t\t\t\t\twindow.SR7 ??={};SR7.PMH ??={}; SR7.PMH[\"SR7_33_1\"] = {cn:100,state:false,fn: function() { if (window._tpt!==undefined && window._tpt.prepareModuleHeight !== undefined) {  _tpt.prepareModuleHeight({id:\"SR7_33_1\",el:[450,450,768,960,720],type:'standard',shdw:'0',gh:[450,450,768,960,720],gw:[1240,1240,1024,778,480],vpt:['-100px&#039;,&#039;-100px&#039;,&#039;-100px&#039;,&#039;-100px&#039;,&#039;-100px'],size:{fullWidth:true, fullHeight:false},mh:'0',onh:0,onw:0,bg:{color:'{\"type\":\"solid\",\"orig\":\"#1a1a1a\",\"string\":\"rgba(26, 26, 26, 1)\"}'}});   SR7.PMH[\"SR7_33_1\"].state=true;} else if(SR7.PMH[\"SR7_33_1\"].cn-->0)\tsetTimeout( SR7.PMH[\"SR7_33_1\"].fn,19);}};SR7.PMH[\"SR7_33_1\" ].fn();\n\t\t\t\t<\/script>\n<\/div>\n\n\t\t\t\t\t\t<\/div>\n\t\t\t\t<\/div>\n\t\t<div class=\"elementor-element elementor-element-67763eb e-con-full e-flex e-con e-child\" data-id=\"67763eb\" data-element_type=\"container\" data-e-type=\"container\" data-settings=\"{&quot;position&quot;:&quot;absolute&quot;}\">\n\t\t\t\t<div class=\"elementor-element elementor-element-5d8dbfd elementor-widget elementor-widget-heading\" data-id=\"5d8dbfd\" data-element_type=\"widget\" data-e-type=\"widget\" data-widget_type=\"heading.default\">\n\t\t\t\t<div class=\"elementor-widget-container\">\n\t\t\t\t\t<h5 class=\"elementor-heading-title elementor-size-default\">Your voice matters.<\/h5>\t\t\t\t<\/div>\n\t\t\t\t<\/div>\n\t\t\t\t<div class=\"elementor-element elementor-element-d5c8052 elementor-widget elementor-widget-heading\" data-id=\"d5c8052\" data-element_type=\"widget\" data-e-type=\"widget\" data-widget_type=\"heading.default\">\n\t\t\t\t<div class=\"elementor-widget-container\">\n\t\t\t\t\t<h2 class=\"elementor-heading-title elementor-size-default\">Reach out today<\/h2>\t\t\t\t<\/div>\n\t\t\t\t<\/div>\n\t\t\t\t<div class=\"elementor-element elementor-element-f596fd3 elementor-widget elementor-widget-text-editor\" data-id=\"f596fd3\" data-element_type=\"widget\" data-e-type=\"widget\" data-widget_type=\"text-editor.default\">\n\t\t\t\t<div class=\"elementor-widget-container\">\n\t\t\t\t\t\t\t\t\t<p>Have a question or project in mind? Fill the below form.<\/p>\t\t\t\t\t\t\t\t<\/div>\n\t\t\t\t<\/div>\n\t\t\t\t<\/div>\n\t\t\t\t<\/div>\n\t\t<div class=\"elementor-element elementor-element-ad96038 e-con-full e-flex e-con e-parent\" data-id=\"ad96038\" data-element_type=\"container\" data-e-type=\"container\" data-settings=\"{&quot;background_background&quot;:&quot;classic&quot;}\">\n\t\t<div class=\"elementor-element elementor-element-195da79 e-con-full e-flex e-con e-child\" data-id=\"195da79\" data-element_type=\"container\" data-e-type=\"container\">\n\t\t\t\t<div class=\"elementor-element elementor-element-15a4b9c form elementor-widget elementor-widget-jet-form-builder-form\" data-id=\"15a4b9c\" data-element_type=\"widget\" data-e-type=\"widget\" data-widget_type=\"jet-form-builder-form.default\">\n\t\t\t\t<div class=\"elementor-widget-container\">\n\t\t\t\t\t<link rel='stylesheet' id='wp-block-library-css' href='https:\/\/pixamoagency.com\/wp-includes\/css\/dist\/block-library\/style.min.css?ver=6.9.4' media='all' \/>\n<style id=\"jet-form-builder-11409-inline-css\"><\/style><form  class=\"jet-form-builder layout-column submit-type-reload\" action=\"https:\/\/pixamoagency.com\/de\/wp-json\/wp\/v2\/pages\/7884\/?QgqPY7=hOKHwT24vE&amp;method=reload\" method=\"POST\" data-form-id=\"11409\" data-layout=\"column\" enctype=\"multipart\/form-data\" novalidate=\"null\" ssr_validation_method=\"rest\"><input type=\"hidden\" id=\"_wpnonce\" name=\"_wpnonce\" value=\"da8d047737\" \/><input type=\"hidden\" name=\"_wp_http_referer\" value=\"\/de\/wp-json\/wp\/v2\/pages\/7884\" \/>\r\n<input type=\"hidden\" name=\"_jfb_current_render_states[]\" value=\"DEFAULT.STATE\" data-jfb-sync \/><input type=\"hidden\" class=\"jet-form-builder__field hidden-field\" name=\"_jet_engine_booking_form_id\" data-field-name=\"_jet_engine_booking_form_id\" value=\"11409\">\n<input type=\"hidden\" class=\"jet-form-builder__field hidden-field\" name=\"_jet_engine_refer\" data-field-name=\"_jet_engine_refer\" value=\"https:\/\/pixamoagency.com\/de\/wp-json\/wp\/v2\/pages\/7884\/\">\n<input type=\"hidden\" class=\"jet-form-builder__field hidden-field\" name=\"__queried_post_id\" data-field-name=\"__queried_post_id\" value=\"7884\">\n\n<div class=\"wp-block-columns is-layout-flex wp-container-core-columns-is-layout-9d6595d7 wp-block-columns-is-layout-flex\">\n<div class=\"wp-block-column is-layout-flow wp-block-column-is-layout-flow\"><div  class=\"jet-form-builder-row field-type-text-field\" >\n<div class=\"jet-form-builder__label\">\r\n<label class=\"jet-form-builder__label-text\" for=\"name\">Name <span class=\"jet-form-builder__required\">*<\/span><\/label><\/div><div class=\"jet-form-builder__field-wrap\">\n\t\t\t\t<input required=\"required\" name=\"name\" id=\"name\" type=\"email\" data-field-name=\"name\" class=\"jet-form-builder__field text-field\" data-jfb-sync=\"null\" autocomplete=\"off_GjHiDPo2\">\n\t\t\t\t\t<\/div>\n<\/div><\/div>\n\n\n\n<div class=\"wp-block-column is-layout-flow wp-block-column-is-layout-flow\"><div  class=\"jet-form-builder-row field-type-text-field\" >\n<div class=\"jet-form-builder__label\">\r\n<label class=\"jet-form-builder__label-text\" for=\"job\">Job Title<\/label><\/div><div class=\"jet-form-builder__field-wrap\">\n\t\t\t\t<input name=\"job\" id=\"job\" type=\"email\" data-field-name=\"job\" class=\"jet-form-builder__field text-field\" data-jfb-sync=\"null\" autocomplete=\"off_N5gPB6pm\">\n\t\t\t\t\t<\/div>\n<\/div><\/div>\n<\/div>\n\n\n\n<div class=\"wp-block-columns is-layout-flex wp-container-core-columns-is-layout-9d6595d7 wp-block-columns-is-layout-flex\">\n<div class=\"wp-block-column is-layout-flow wp-block-column-is-layout-flow\"><div  class=\"jet-form-builder-row field-type-text-field\" >\n<div class=\"jet-form-builder__label\">\r\n<label class=\"jet-form-builder__label-text\" for=\"email\">Email <span class=\"jet-form-builder__required\">*<\/span><\/label><\/div><div class=\"jet-form-builder__field-wrap\">\n\t\t\t\t<input required=\"required\" name=\"email\" id=\"email\" type=\"email\" data-field-name=\"email\" class=\"jet-form-builder__field text-field\" data-jfb-sync=\"null\" autocomplete=\"off_JKzv0C5A\">\n\t\t\t\t\t<\/div>\n<\/div><\/div>\n\n\n\n<div class=\"wp-block-column is-layout-flow wp-block-column-is-layout-flow\"><div  class=\"jet-form-builder-row field-type-text-field\" >\n<div class=\"jet-form-builder__label\">\r\n<label class=\"jet-form-builder__label-text\" for=\"phone\">Whatsapp Number <span class=\"jet-form-builder__required\">*<\/span><\/label><\/div><div class=\"jet-form-builder__field-wrap\">\n\t\t\t\t<input required=\"required\" name=\"phone\" id=\"phone\" type=\"tel\" data-field-name=\"phone\" class=\"jet-form-builder__field text-field\" data-jfb-sync=\"null\" autocomplete=\"off_6vPcdm35\">\n\t\t\t\t\t<\/div>\n<\/div><\/div>\n<\/div>\n\n\n<div  class=\"jet-form-builder-row field-type-textarea-field\" >\n<div class=\"jet-form-builder__label\">\r\n<label class=\"jet-form-builder__label-text\" for=\"message\">Message<\/label><\/div><div class=\"jet-form-builder__field-wrap\">\n\t\t<textarea class=\"jet-form-builder__field textarea-field\" name=\"message\" data-field-name=\"message\" id=\"message\" data-jfb-sync=\"null\"><\/textarea>\n\t<\/div>\n<\/div>\n\n<div  class=\"jet-form-builder-row field-type-submit-field\" >\n\t<div data-type=\"submit\" class=\"jet-form-builder__action-button-wrapper jet-form-builder__submit-wrap\">\n\t<button class=\"jet-form-builder__action-button jet-form-builder__submit submit-type-reload\" type=\"submit\">Submit<\/button>\n\t<\/div>\n\t\n<\/div>\t<div class=\"jet-form-builder-messages-wrap\" data-form-id=\"11409\"><\/div>\n<\/form>\n\t\t\t\t<\/div>\n\t\t\t\t<\/div>\n\t\t\t\t<\/div>\n\t\t<div class=\"elementor-element elementor-element-9bdde27 e-con-full e-flex e-con e-child\" data-id=\"9bdde27\" data-element_type=\"container\" data-e-type=\"container\">\n\t\t\t\t<div class=\"elementor-element elementor-element-a7f6337 elementor-widget elementor-widget-heading\" data-id=\"a7f6337\" data-element_type=\"widget\" data-e-type=\"widget\" data-widget_type=\"heading.default\">\n\t\t\t\t<div class=\"elementor-widget-container\">\n\t\t\t\t\t<h4 class=\"elementor-heading-title elementor-size-default\">Main office address<\/h4>\t\t\t\t<\/div>\n\t\t\t\t<\/div>\n\t\t\t\t<div class=\"elementor-element elementor-element-91c21a5 elementor-widget elementor-widget-heading\" data-id=\"91c21a5\" data-element_type=\"widget\" data-e-type=\"widget\" data-widget_type=\"heading.default\">\n\t\t\t\t<div class=\"elementor-widget-container\">\n\t\t\t\t\t<p class=\"elementor-heading-title elementor-size-default\">Quasar Tower, No: 76, Floor 19<br>\n\u015ei\u015fli, \u0130stanbul, Turkey<\/p>\t\t\t\t<\/div>\n\t\t\t\t<\/div>\n\t\t\t\t<div class=\"elementor-element elementor-element-3e87db7 elementor-widget elementor-widget-heading\" data-id=\"3e87db7\" data-element_type=\"widget\" data-e-type=\"widget\" data-widget_type=\"heading.default\">\n\t\t\t\t<div class=\"elementor-widget-container\">\n\t\t\t\t\t<h4 class=\"elementor-heading-title elementor-size-default\">Call \/ whatsapp<\/h4>\t\t\t\t<\/div>\n\t\t\t\t<\/div>\n\t\t\t\t<div class=\"elementor-element elementor-element-88d9718 elementor-align-start elementor-icon-list--layout-traditional elementor-list-item-link-full_width elementor-widget elementor-widget-icon-list\" data-id=\"88d9718\" data-element_type=\"widget\" data-e-type=\"widget\" data-widget_type=\"icon-list.default\">\n\t\t\t\t<div class=\"elementor-widget-container\">\n\t\t\t\t\t\t\t<ul class=\"elementor-icon-list-items\">\n\t\t\t\t\t\t\t<li class=\"elementor-icon-list-item\">\n\t\t\t\t\t\t\t\t\t\t\t<a href=\"tel:+905411217620\">\n\n\t\t\t\t\t\t\t\t\t\t\t<span class=\"elementor-icon-list-text\">+ 90 541 121 7620<\/span>\n\t\t\t\t\t\t\t\t\t\t\t<\/a>\n\t\t\t\t\t\t\t\t\t<\/li>\n\t\t\t\t\t\t<\/ul>\n\t\t\t\t\t\t<\/div>\n\t\t\t\t<\/div>\n\t\t\t\t<div class=\"elementor-element elementor-element-928aa5a elementor-widget elementor-widget-heading\" data-id=\"928aa5a\" data-element_type=\"widget\" data-e-type=\"widget\" data-widget_type=\"heading.default\">\n\t\t\t\t<div class=\"elementor-widget-container\">\n\t\t\t\t\t<h4 class=\"elementor-heading-title elementor-size-default\">Email<\/h4>\t\t\t\t<\/div>\n\t\t\t\t<\/div>\n\t\t\t\t<div class=\"elementor-element elementor-element-d8eda90 elementor-align-start elementor-icon-list--layout-traditional elementor-list-item-link-full_width elementor-widget elementor-widget-icon-list\" data-id=\"d8eda90\" data-element_type=\"widget\" data-e-type=\"widget\" data-widget_type=\"icon-list.default\">\n\t\t\t\t<div class=\"elementor-widget-container\">\n\t\t\t\t\t\t\t<ul class=\"elementor-icon-list-items\">\n\t\t\t\t\t\t\t<li class=\"elementor-icon-list-item\">\n\t\t\t\t\t\t\t\t\t\t\t<a href=\"mailto:info@pixamoagency.com\">\n\n\t\t\t\t\t\t\t\t\t\t\t<span class=\"elementor-icon-list-text\">info@pixamoagency.com<\/span>\n\t\t\t\t\t\t\t\t\t\t\t<\/a>\n\t\t\t\t\t\t\t\t\t<\/li>\n\t\t\t\t\t\t<\/ul>\n\t\t\t\t\t\t<\/div>\n\t\t\t\t<\/div>\n\t\t\t\t<div class=\"elementor-element elementor-element-b773d63 elementor-widget elementor-widget-google_maps\" data-id=\"b773d63\" data-element_type=\"widget\" data-e-type=\"widget\" data-widget_type=\"google_maps.default\">\n\t\t\t\t<div class=\"elementor-widget-container\">\n\t\t\t\t\t\t\t<div class=\"elementor-custom-embed\">\n\t\t\t<iframe loading=\"lazy\"\n\t\t\t\t\tsrc=\"https:\/\/maps.google.com\/maps?q=Pixamo%2C%20Fulya%2C%20Quasar%20Tower%2C%20B%C3%BCy%C3%BCkdere%20Cd.%20No%3A76%2C%2034394%20%C5%9Ei%C5%9Fli%2F%C4%B0stanbul&#038;t=m&#038;z=15&#038;output=embed&#038;iwloc=near\"\n\t\t\t\t\ttitle=\"Pixamo, Fulya, Quasar Tower, B\u00fcy\u00fckdere Cd. No:76, 34394 \u015ei\u015fli\/\u0130stanbul\"\n\t\t\t\t\taria-label=\"Pixamo, Fulya, Quasar Tower, B\u00fcy\u00fckdere Cd. No:76, 34394 \u015ei\u015fli\/\u0130stanbul\"\n\t\t\t><\/iframe>\n\t\t<\/div>\n\t\t\t\t\t\t<\/div>\n\t\t\t\t<\/div>\n\t\t\t\t<\/div>\n\t\t\t\t<\/div>\n\t\t<div class=\"elementor-element elementor-element-4b472f9 e-con-full e-flex e-con e-parent\" data-id=\"4b472f9\" data-element_type=\"container\" data-e-type=\"container\">\n\t\t<div class=\"elementor-element elementor-element-2ac1475 e-con-full e-flex e-con e-child\" data-id=\"2ac1475\" data-element_type=\"container\" data-e-type=\"container\">\n\t\t\t\t<div class=\"elementor-element elementor-element-963dd1e elementor-widget elementor-widget-slider_revolution\" data-id=\"963dd1e\" data-element_type=\"widget\" data-e-type=\"widget\" data-widget_type=\"slider_revolution.default\">\n\t\t\t\t<div class=\"elementor-widget-container\">\n\t\t\t\t\t\n\t\t<div class=\"wp-block-themepunch-revslider\">\n\t\t\t\t<p class=\"rs-p-wp-fix\"><\/p>\n\t\t\t\t<sr7-module data-alias=\"pixamo-contacts\" data-id=\"6\" id=\"SR7_6_2\" class=\"rs-ov-hidden\" data-version=\"6.7.51\">\n\t\t\t\t\t<sr7-adjuster><\/sr7-adjuster>\n\t\t\t\t\t<sr7-content>\n\t\t\t\t\t\t<sr7-slide id=\"SR7_6_2-2\" data-key=\"2\">\n\t\t\t\t\t\t\t<sr7-txt id=\"SR7_6_2-2-1\" class=\"sr7-layer\">C<\/sr7-txt>\n\t\t\t\t\t\t\t<sr7-txt id=\"SR7_6_2-2-2\" class=\"sr7-layer\">O<\/sr7-txt>\n\t\t\t\t\t\t\t<sr7-txt id=\"SR7_6_2-2-3\" class=\"sr7-layer\">N<\/sr7-txt>\n\t\t\t\t\t\t\t<sr7-txt id=\"SR7_6_2-2-4\" class=\"sr7-layer\">T<\/sr7-txt>\n\t\t\t\t\t\t\t<sr7-txt id=\"SR7_6_2-2-5\" class=\"sr7-layer\">A<\/sr7-txt>\n\t\t\t\t\t\t\t<sr7-txt id=\"SR7_6_2-2-6\" class=\"sr7-layer\">C<\/sr7-txt>\n\t\t\t\t\t\t\t<sr7-txt id=\"SR7_6_2-2-7\" class=\"sr7-layer\">T<\/sr7-txt>\n\t\t\t\t\t\t\t<sr7-txt id=\"SR7_6_2-2-8\" class=\"sr7-layer\">Reach Out To Us<\/sr7-txt>\n\t\t\t\t\t\t\t<sr7-txt id=\"SR7_6_2-2-9\" class=\"sr7-layer\">MAIN OFFICE ADDRESS<\/sr7-txt>\n\t\t\t\t\t\t\t<p id=\"SR7_6_2-2-10\" class=\"sr7-layer\">Quasar Tower, No: 76, Floor 19<br>\n\u015ei\u015fli, \u0130stanbul, Turkey<\/p>\n\t\t\t\t\t\t\t<sr7-txt id=\"SR7_6_2-2-11\" class=\"sr7-layer\">Email<\/sr7-txt>\n\t\t\t\t\t\t\t<a id=\"SR7_6_2-2-12\" class=\"sr7-layer\" href=\"mailto:info@pixamoagency.com\" target=\"_self\" rel=\"nofollow\">info@pixamoagency.com<\/a>\n\t\t\t\t\t\t\t<a id=\"SR7_6_2-2-13\" class=\"sr7-layer\" href=\"https:\/\/www.instagram.com\/pixamo.co\/\" target=\"_blank\" rel=\"noopener\">Instagram<\/a>\n\t\t\t\t\t\t\t<a id=\"SR7_6_2-2-15\" class=\"sr7-layer\" href=\"https:\/\/www.linkedin.com\/company\/pixamoco\/\" target=\"_blank\" rel=\"noopener\">Linkedin<\/a>\n\t\t\t\t\t\t\t<a id=\"SR7_6_2-2-16\" class=\"sr7-layer\" href=\"https:\/\/wa.me\/+905411217620\" target=\"_self\" rel=\"nofollow noopener\">+ 90 541 121 7620<\/a>\n\t\t\t\t\t\t\t<sr7-txt id=\"SR7_6_2-2-17\" class=\"sr7-layer\">Call \/ whatsapp<\/sr7-txt>\n\t\t\t\t\t\t\t<a id=\"SR7_6_2-2-18\" class=\"sr7-layer\" href=\"https:\/\/wa.me\/+905411217620\" target=\"_blank\" rel=\"noopener\">Whatsapp<\/a>\n\t\t\t\t\t\t<\/sr7-slide>\n\t\t\t\t\t\t<sr7-slide id=\"SR7_6_2-10\" data-key=\"10\">\n\t\t\t\t\t\t<\/sr7-slide>\n\t\t\t\t\t<\/sr7-content>\n\t\t\t\t\t<image_lists style=\"display:none\">\n\t\t\t\t\t\t<img data-src=\"\/\/pixamoagency.com\/wp-content\/uploads\/2020\/09\/mailbox-2-min.png\" data-libid=\"6951\" data-lib=\"medialibrary\" title=\"mailbox-2-min\" width=\"0\" height=\"0\" data-dbsrc=\"Ly9waXhhbW9hZ2VuY3kuY29tL3dwLWNvbnRlbnQvdXBsb2Fkcy8yMDIwLzA5L21haWxib3gtMi1taW4ucG5n\"\/>\n\t\t\t\t\t<\/image_lists>\n\t\t\t\t<\/sr7-module>\n\t\t\t\t<script>\n\t\t\t\t\twindow.SR7 ??={};SR7.PMH ??={}; SR7.PMH[\"SR7_6_2\"] = {cn:100,state:false,fn: function() { if (window._tpt!==undefined && window._tpt.prepareModuleHeight !== undefined) {  _tpt.prepareModuleHeight({id:\"SR7_6_2\",el:[900,900,900,900,1100],type:'standard',shdw:'0',gh:[900,900,900,900,1100],gw:[1920,1920,1920,1920,1000],vpt:['-200px&#039;,&#039;-200px&#039;,&#039;-200px&#039;,&#039;-200px&#039;,&#039;-200px'],size:{fullWidth:true, fullHeight:false},mh:'0',onh:0,onw:0,bg:{color:'{\"orig\":\"transparent\",\"type\":\"solid\",\"string\":\"transparent\"}'},plType:'0',plColor:'#FFFFFF'});   SR7.PMH[\"SR7_6_2\"].state=true;} else if(SR7.PMH[\"SR7_6_2\"].cn-->0)\tsetTimeout( SR7.PMH[\"SR7_6_2\"].fn,19);}};SR7.PMH[\"SR7_6_2\" ].fn();\n\t\t\t\t<\/script>\n<\/div>\n\n\t\t\t\t\t\t<\/div>\n\t\t\t\t<\/div>\n\t\t\t\t<\/div>\n\t\t\t\t<\/div>\n\t\t\t\t<\/div>\n\t\t","protected":false},"excerpt":{"rendered":"<p>Your voice matters. Reach out today Have a question or project in mind? Fill the below form. Name * Job Title Email * Whatsapp Number * Message Submit Main office address Quasar Tower, No: 76, Floor 19 \u015ei\u015fli, \u0130stanbul, Turkey Call \/ whatsapp + 90 541 121 7620 Email info@pixamoagency.com<\/p>","protected":false},"author":2,"featured_media":0,"parent":0,"menu_order":0,"comment_status":"closed","ping_status":"closed","template":"elementor_header_footer","meta":{"footnotes":""},"class_list":["post-7884","page","type-page","status-publish","hentry"],"_links":{"self":[{"href":"https:\/\/pixamoagency.com\/de\/wp-json\/wp\/v2\/pages\/7884","targetHints":{"allow":["GET"]}}],"collection":[{"href":"https:\/\/pixamoagency.com\/de\/wp-json\/wp\/v2\/pages"}],"about":[{"href":"https:\/\/pixamoagency.com\/de\/wp-json\/wp\/v2\/types\/page"}],"author":[{"embeddable":true,"href":"https:\/\/pixamoagency.com\/de\/wp-json\/wp\/v2\/users\/2"}],"replies":[{"embeddable":true,"href":"https:\/\/pixamoagency.com\/de\/wp-json\/wp\/v2\/comments?post=7884"}],"version-history":[{"count":0,"href":"https:\/\/pixamoagency.com\/de\/wp-json\/wp\/v2\/pages\/7884\/revisions"}],"wp:attachment":[{"href":"https:\/\/pixamoagency.com\/de\/wp-json\/wp\/v2\/media?parent=7884"}],"curies":[{"name":"wp","href":"https:\/\/api.w.org\/{rel}","templated":true}]}}